{"id":1002,"date":"2012-09-12T10:19:41","date_gmt":"2012-09-12T08:19:41","guid":{"rendered":"http:\/\/www.debruijn-bussum.nl\/?page_id=1002"},"modified":"2012-09-12T10:19:41","modified_gmt":"2012-09-12T08:19:41","slug":"zahnradantrieb-fo-hge-44-i","status":"publish","type":"page","link":"https:\/\/debruijn-bussum.nl\/?page_id=1002","title":{"rendered":"Zahnradantrieb FO HGe 4\/4 I"},"content":{"rendered":"<p>Hier einige Zeichnungen von das Drehgestell der FO HGe 4\/4 I. Die hier voll gezeichnete R\u00e4der sind selbstverst\u00e4ndlich Speichenr\u00e4der mit 9 Speichen und Edelstahl Radreifen. Die Achsen laufen in Kugellager. Die Motor ist ein LGB Buhler Motor mit ein Drehmoment von 2,10 Ncm bei 0,65 A (ein Standardmotor hat ein Drehmoment von 1,00 Ncm bei 0,70 A). Das Geh\u00e4use wird aus Nylon produziert, wie das gro\u00dfe Zahnrad. Die Schnecken sind gemacht von Stahl, weil das Schneckenrad gemacht ist von Bronze. Die 2 Zahnr\u00e4der welche die Drehung \u00fcberbringen von Motor nach Schneckenachse (auch mit Kugellager) sind aus Stahl. Die Antrieb hat Stromkolben auf jedes Rad. Die Hohe von das Geh\u00e4use ist 62 mm. Die Durchmesser von der R\u00e4der ist 41 mm (Lauf-flache) und das ist genau auf 1:22,5.<\/p>\n<p><a href=\"https:\/\/debruijn-bussum.nl\/wp-content\/uploads\/Draaistel1.jpg\"><img loading=\"lazy\" decoding=\"async\" class=\"aligncenter size-medium wp-image-1003\" title=\"Draaistel1\" src=\"https:\/\/debruijn-bussum.nl\/wp-content\/uploads\/Draaistel1-300x192.jpg\" alt=\"\" width=\"300\" height=\"192\" srcset=\"https:\/\/debruijn-bussum.nl\/wp-content\/uploads\/Draaistel1-300x192.jpg 300w, https:\/\/debruijn-bussum.nl\/wp-content\/uploads\/Draaistel1-1024x658.jpg 1024w, https:\/\/debruijn-bussum.nl\/wp-content\/uploads\/Draaistel1.jpg 1194w\" sizes=\"auto, (max-width: 300px) 100vw, 300px\" \/><\/a><\/p>\n<p>&nbsp;<\/p>\n<p><a href=\"https:\/\/debruijn-bussum.nl\/wp-content\/uploads\/Draaistel2.jpg\"><img loading=\"lazy\" decoding=\"async\" class=\"aligncenter size-medium wp-image-1004\" title=\"Draaistel2\" src=\"https:\/\/debruijn-bussum.nl\/wp-content\/uploads\/Draaistel2-300x200.jpg\" alt=\"\" width=\"300\" height=\"200\" srcset=\"https:\/\/debruijn-bussum.nl\/wp-content\/uploads\/Draaistel2-300x200.jpg 300w, https:\/\/debruijn-bussum.nl\/wp-content\/uploads\/Draaistel2-1024x682.jpg 1024w, https:\/\/debruijn-bussum.nl\/wp-content\/uploads\/Draaistel2.jpg 1195w\" sizes=\"auto, (max-width: 300px) 100vw, 300px\" \/><\/a><\/p>\n<p><a href=\"https:\/\/debruijn-bussum.nl\/wp-content\/uploads\/Draaistel3.jpg\"><img loading=\"lazy\" decoding=\"async\" class=\"aligncenter size-medium wp-image-1005\" title=\"Draaistel3\" src=\"https:\/\/debruijn-bussum.nl\/wp-content\/uploads\/Draaistel3-300x230.jpg\" alt=\"\" width=\"300\" height=\"230\" srcset=\"https:\/\/debruijn-bussum.nl\/wp-content\/uploads\/Draaistel3-300x230.jpg 300w, https:\/\/debruijn-bussum.nl\/wp-content\/uploads\/Draaistel3-1024x785.jpg 1024w, https:\/\/debruijn-bussum.nl\/wp-content\/uploads\/Draaistel3.jpg 1110w\" sizes=\"auto, (max-width: 300px) 100vw, 300px\" \/><\/a><\/p>\n","protected":false},"excerpt":{"rendered":"<p>Hier einige Zeichnungen von das Drehgestell der FO HGe 4\/4 I. Die hier voll gezeichnete R\u00e4der sind selbstverst\u00e4ndlich Speichenr\u00e4der mit 9 Speichen und Edelstahl Radreifen. Die Achsen laufen in Kugellager. Die Motor ist ein LGB Buhler Motor mit ein Drehmoment von 2,10 Ncm bei 0,65 A (ein Standardmotor hat ein Drehmoment von 1,00 Ncm bei [&hellip;]<\/p>\n","protected":false},"author":1,"featured_media":0,"parent":0,"menu_order":0,"comment_status":"closed","ping_status":"open","template":"","meta":{"footnotes":""},"class_list":["post-1002","page","type-page","status-publish","hentry"],"_links":{"self":[{"href":"https:\/\/debruijn-bussum.nl\/index.php?rest_route=\/wp\/v2\/pages\/1002","targetHints":{"allow":["GET"]}}],"collection":[{"href":"https:\/\/debruijn-bussum.nl\/index.php?rest_route=\/wp\/v2\/pages"}],"about":[{"href":"https:\/\/debruijn-bussum.nl\/index.php?rest_route=\/wp\/v2\/types\/page"}],"author":[{"embeddable":true,"href":"https:\/\/debruijn-bussum.nl\/index.php?rest_route=\/wp\/v2\/users\/1"}],"replies":[{"embeddable":true,"href":"https:\/\/debruijn-bussum.nl\/index.php?rest_route=%2Fwp%2Fv2%2Fcomments&post=1002"}],"version-history":[{"count":1,"href":"https:\/\/debruijn-bussum.nl\/index.php?rest_route=\/wp\/v2\/pages\/1002\/revisions"}],"predecessor-version":[{"id":1006,"href":"https:\/\/debruijn-bussum.nl\/index.php?rest_route=\/wp\/v2\/pages\/1002\/revisions\/1006"}],"wp:attachment":[{"href":"https:\/\/debruijn-bussum.nl\/index.php?rest_route=%2Fwp%2Fv2%2Fmedia&parent=1002"}],"curies":[{"name":"wp","href":"https:\/\/api.w.org\/{rel}","templated":true}]}}